{"id":157,"date":"2025-09-18T09:33:32","date_gmt":"2025-09-18T09:33:32","guid":{"rendered":"https:\/\/altaviaprofessional.com\/?page_id=157"},"modified":"2026-03-09T18:54:07","modified_gmt":"2026-03-09T18:54:07","slug":"sobre-nosotros","status":"publish","type":"page","link":"https:\/\/altaviaprofessional.com\/index.php\/sobre-nosotros\/","title":{"rendered":"Sobre nosotros"},"content":{"rendered":"\t\t<div data-elementor-type=\"wp-page\" data-elementor-id=\"157\" class=\"elementor elementor-157\" data-elementor-post-type=\"page\">\n\t\t\t\t<div class=\"elementor-element elementor-element-698ec84c e-flex e-con-boxed e-con e-parent\" data-id=\"698ec84c\" data-element_type=\"container\" data-e-type=\"container\" data-settings=\"{&quot;background_background&quot;:&quot;classic&quot;}\">\n\t\t\t\t\t<div class=\"e-con-inner\">\n\t\t<div class=\"elementor-element elementor-element-6d47ad19 e-flex e-con-boxed e-con e-child\" data-id=\"6d47ad19\" data-element_type=\"container\" data-e-type=\"container\">\n\t\t\t\t\t<div class=\"e-con-inner\">\n\t\t<div class=\"elementor-element elementor-element-1fd28f75 e-con-full e-flex e-con e-child\" data-id=\"1fd28f75\" data-element_type=\"container\" data-e-type=\"container\">\n\t\t\t\t<div class=\"elementor-element elementor-element-68fa276 elementor-widget elementor-widget-theme-site-logo elementor-widget-image\" data-id=\"68fa276\" data-element_type=\"widget\" data-e-type=\"widget\" data-widget_type=\"theme-site-logo.default\">\n\t\t\t\t\t\t\t\t\t\t\t<a href=\"https:\/\/altaviaprofessional.com\">\n\t\t\t<img fetchpriority=\"high\" decoding=\"async\" width=\"1400\" height=\"400\" src=\"https:\/\/altaviaprofessional.com\/wp-content\/uploads\/2025\/08\/cropped-Mesa-de-trabajo-1@4x.png\" class=\"attachment-full size-full wp-image-12\" alt=\"Altavia Professional\" srcset=\"https:\/\/altaviaprofessional.com\/wp-content\/uploads\/2025\/08\/cropped-Mesa-de-trabajo-1@4x.png 1400w, https:\/\/altaviaprofessional.com\/wp-content\/uploads\/2025\/08\/cropped-Mesa-de-trabajo-1@4x-300x86.png 300w, https:\/\/altaviaprofessional.com\/wp-content\/uploads\/2025\/08\/cropped-Mesa-de-trabajo-1@4x-1024x293.png 1024w, https:\/\/altaviaprofessional.com\/wp-content\/uploads\/2025\/08\/cropped-Mesa-de-trabajo-1@4x-768x219.png 768w\" sizes=\"(max-width: 1400px) 100vw, 1400px\" \/>\t\t\t\t<\/a>\n\t\t\t\t\t\t\t\t\t\t\t<\/div>\n\t\t\t\t<div class=\"elementor-element elementor-element-4fa9256f elementor-widget elementor-widget-heading\" data-id=\"4fa9256f\" data-element_type=\"widget\" data-e-type=\"widget\" data-widget_type=\"heading.default\">\n\t\t\t\t\t<h1 class=\"elementor-heading-title elementor-size-default\">Hacemos que tu evento brille<\/h1>\t\t\t\t<\/div>\n\t\t\t\t<div class=\"elementor-element elementor-element-50576c5d elementor-widget elementor-widget-text-editor\" data-id=\"50576c5d\" data-element_type=\"widget\" data-e-type=\"widget\" data-widget_type=\"text-editor.default\">\n\t\t\t\t\t\t\t\t\t<p data-start=\"519\" data-end=\"633\">Deja la parte t\u00e9cnica en manos de expertos y disfruta de una experiencia audiovisual impecable.<\/p>\t\t\t\t\t\t\t\t<\/div>\n\t\t<div class=\"elementor-element elementor-element-3684803e e-con-full e-flex e-con e-child\" data-id=\"3684803e\" data-element_type=\"container\" data-e-type=\"container\">\n\t\t\t\t<div class=\"elementor-element elementor-element-6d2b40ed elementor-widget elementor-widget-button\" data-id=\"6d2b40ed\" data-element_type=\"widget\" data-e-type=\"widget\" data-widget_type=\"button.default\">\n\t\t\t\t\t\t\t\t\t\t<a class=\"elementor-button elementor-button-link elementor-size-sm\" href=\"mailto:info@altaviaprofessional.com\">\n\t\t\t\t\t\t<span class=\"elementor-button-content-wrapper\">\n\t\t\t\t\t\t\t\t\t<span class=\"elementor-button-text\">Contacta<\/span>\n\t\t\t\t\t<\/span>\n\t\t\t\t\t<\/a>\n\t\t\t\t\t\t\t\t<\/div>\n\t\t\t\t<\/div>\n\t\t\t\t<\/div>\n\t\t<div class=\"elementor-element elementor-element-1487f5b4 e-con-full e-flex e-con e-child\" data-id=\"1487f5b4\" data-element_type=\"container\" data-e-type=\"container\" data-settings=\"{&quot;background_background&quot;:&quot;classic&quot;}\">\n\t\t\t\t<div class=\"elementor-element elementor-element-16bd698b elementor-widget elementor-widget-image\" data-id=\"16bd698b\" data-element_type=\"widget\" data-e-type=\"widget\" data-widget_type=\"image.default\">\n\t\t\t\t\t\t\t\t\t\t\t\t\t\t\t<img decoding=\"async\" width=\"1024\" height=\"1024\" src=\"https:\/\/altaviaprofessional.com\/wp-content\/uploads\/2025\/09\/tecnico-de-sonido.webp\" class=\"attachment-full size-full wp-image-67\" alt=\"\" srcset=\"https:\/\/altaviaprofessional.com\/wp-content\/uploads\/2025\/09\/tecnico-de-sonido.webp 1024w, https:\/\/altaviaprofessional.com\/wp-content\/uploads\/2025\/09\/tecnico-de-sonido-300x300.webp 300w, https:\/\/altaviaprofessional.com\/wp-content\/uploads\/2025\/09\/tecnico-de-sonido-150x150.webp 150w, https:\/\/altaviaprofessional.com\/wp-content\/uploads\/2025\/09\/tecnico-de-sonido-768x768.webp 768w\" sizes=\"(max-width: 1024px) 100vw, 1024px\" \/>\t\t\t\t\t\t\t\t\t\t\t\t\t\t\t<\/div>\n\t\t\t\t<\/div>\n\t\t\t\t\t<\/div>\n\t\t\t\t<\/div>\n\t\t\t\t\t<\/div>\n\t\t\t\t<\/div>\n\t\t<div class=\"elementor-element elementor-element-77e2cc59 e-flex e-con-boxed e-con e-parent\" data-id=\"77e2cc59\" data-element_type=\"container\" data-e-type=\"container\" data-settings=\"{&quot;background_background&quot;:&quot;classic&quot;}\">\n\t\t\t\t\t<div class=\"e-con-inner\">\n\t\t<div class=\"elementor-element elementor-element-5728d272 e-con-full e-flex e-con e-child\" data-id=\"5728d272\" data-element_type=\"container\" data-e-type=\"container\" data-settings=\"{&quot;background_background&quot;:&quot;gradient&quot;}\">\n\t\t\t\t<div class=\"elementor-element elementor-element-59e48989 elementor-widget elementor-widget-heading\" data-id=\"59e48989\" data-element_type=\"widget\" data-e-type=\"widget\" data-widget_type=\"heading.default\">\n\t\t\t\t\t<h2 class=\"elementor-heading-title elementor-size-default\">\u00bfQui\u00e9nes somos?<\/h2>\t\t\t\t<\/div>\n\t\t\t\t<div class=\"elementor-element elementor-element-c9274db elementor-widget elementor-widget-text-editor\" data-id=\"c9274db\" data-element_type=\"widget\" data-e-type=\"widget\" data-widget_type=\"text-editor.default\">\n\t\t\t\t\t\t\t\t\t<p>En <strong data-start=\"242\" data-end=\"266\">Altavia Professional<\/strong> creemos que la calidad t\u00e9cnica y la pasi\u00f3n por los detalles son la base de todo gran evento.<br data-start=\"359\" data-end=\"362\" \/>Nacimos en Tenerife con un objetivo claro: ofrecer soluciones audiovisuales de alto nivel que conviertan cualquier ocasi\u00f3n en una experiencia inolvidable.<\/p>\t\t\t\t\t\t\t\t<\/div>\n\t\t\t\t<\/div>\n\t\t\t\t\t<\/div>\n\t\t\t\t<\/div>\n\t\t<div class=\"elementor-element elementor-element-22fe309d e-flex e-con-boxed e-con e-parent\" data-id=\"22fe309d\" data-element_type=\"container\" data-e-type=\"container\" data-settings=\"{&quot;background_background&quot;:&quot;classic&quot;}\">\n\t\t\t\t\t<div class=\"e-con-inner\">\n\t\t<div class=\"elementor-element elementor-element-61ccbcac e-con-full e-flex e-con e-child\" data-id=\"61ccbcac\" data-element_type=\"container\" data-e-type=\"container\">\n\t\t\t\t<div class=\"elementor-element elementor-element-71f820fd elementor-widget elementor-widget-image\" data-id=\"71f820fd\" data-element_type=\"widget\" data-e-type=\"widget\" data-widget_type=\"image.default\">\n\t\t\t\t\t\t\t\t\t\t\t\t\t\t\t<img decoding=\"async\" width=\"1920\" height=\"1080\" src=\"https:\/\/altaviaprofessional.com\/wp-content\/uploads\/2025\/08\/Altavia-Professional.webp\" class=\"attachment-full size-full wp-image-19\" alt=\"\" srcset=\"https:\/\/altaviaprofessional.com\/wp-content\/uploads\/2025\/08\/Altavia-Professional.webp 1920w, https:\/\/altaviaprofessional.com\/wp-content\/uploads\/2025\/08\/Altavia-Professional-300x169.webp 300w, https:\/\/altaviaprofessional.com\/wp-content\/uploads\/2025\/08\/Altavia-Professional-1024x576.webp 1024w, https:\/\/altaviaprofessional.com\/wp-content\/uploads\/2025\/08\/Altavia-Professional-768x432.webp 768w, https:\/\/altaviaprofessional.com\/wp-content\/uploads\/2025\/08\/Altavia-Professional-1536x864.webp 1536w\" sizes=\"(max-width: 1920px) 100vw, 1920px\" \/>\t\t\t\t\t\t\t\t\t\t\t\t\t\t\t<\/div>\n\t\t<div class=\"elementor-element elementor-element-18d8d022 e-con-full e-flex e-con e-child\" data-id=\"18d8d022\" data-element_type=\"container\" data-e-type=\"container\" data-settings=\"{&quot;background_background&quot;:&quot;gradient&quot;,&quot;position&quot;:&quot;absolute&quot;}\">\n\t\t\t\t<div class=\"elementor-element elementor-element-3f757cbc elementor-widget elementor-widget-icon-box\" data-id=\"3f757cbc\" data-element_type=\"widget\" data-e-type=\"widget\" data-widget_type=\"icon-box.default\">\n\t\t\t\t\t\t\t<div class=\"elementor-icon-box-wrapper\">\n\n\t\t\t\n\t\t\t\t\t\t<div class=\"elementor-icon-box-content\">\n\n\t\t\t\t\t\t\t\t\t<div class=\"elementor-icon-box-title\">\n\t\t\t\t\t\t<span  >\n\t\t\t\t\t\t\tNuestra Historia\t\t\t\t\t\t<\/span>\n\t\t\t\t\t<\/div>\n\t\t\t\t\n\t\t\t\t\t\t\t\t\t<p class=\"elementor-icon-box-description\">\n\t\t\t\t\t\tCon m\u00e1s de 10 a\u00f1os de experiencia en el sector, hemos crecido acompa\u00f1ando a empresas, instituciones y particulares en la organizaci\u00f3n de congresos, conciertos, bodas y todo tipo de celebraciones. Lo que comenz\u00f3 como un peque\u00f1o equipo t\u00e9cnico, hoy es una compa\u00f1\u00eda consolidada con proyectos en toda Canarias.\t\t\t\t\t<\/p>\n\t\t\t\t\n\t\t\t<\/div>\n\t\t\t\n\t\t<\/div>\n\t\t\t\t\t\t<\/div>\n\t\t\t\t<\/div>\n\t\t\t\t<\/div>\n\t\t<div class=\"elementor-element elementor-element-a45c24d e-grid e-con-full e-con e-child\" data-id=\"a45c24d\" data-element_type=\"container\" data-e-type=\"container\">\n\t\t<div class=\"elementor-element elementor-element-6f42cac e-con-full e-flex e-con e-child\" data-id=\"6f42cac\" data-element_type=\"container\" data-e-type=\"container\" data-settings=\"{&quot;background_background&quot;:&quot;classic&quot;}\">\n\t\t\t\t<div class=\"elementor-element elementor-element-b0db5ef elementor-widget elementor-widget-heading\" data-id=\"b0db5ef\" data-element_type=\"widget\" data-e-type=\"widget\" data-widget_type=\"heading.default\">\n\t\t\t\t\t<h4 class=\"elementor-heading-title elementor-size-default\">Qu\u00e9 nos diferencia<\/h4>\t\t\t\t<\/div>\n\t\t\t\t<div class=\"elementor-element elementor-element-99f5f11 elementor-icon-list--layout-traditional elementor-list-item-link-full_width elementor-widget elementor-widget-icon-list\" data-id=\"99f5f11\" data-element_type=\"widget\" data-e-type=\"widget\" data-widget_type=\"icon-list.default\">\n\t\t\t\t\t\t\t<ul class=\"elementor-icon-list-items\">\n\t\t\t\t\t\t\t<li class=\"elementor-icon-list-item\">\n\t\t\t\t\t\t\t\t\t\t\t<span class=\"elementor-icon-list-icon\">\n\t\t\t\t\t\t\t<svg aria-hidden=\"true\" class=\"e-font-icon-svg e-fas-check\" viewBox=\"0 0 512 512\" xmlns=\"http:\/\/www.w3.org\/2000\/svg\"><path d=\"M173.898 439.404l-166.4-166.4c-9.997-9.997-9.997-26.206 0-36.204l36.203-36.204c9.997-9.998 26.207-9.998 36.204 0L192 312.69 432.095 72.596c9.997-9.997 26.207-9.997 36.204 0l36.203 36.204c9.997 9.997 9.997 26.206 0 36.204l-294.4 294.401c-9.998 9.997-26.207 9.997-36.204-.001z\"><\/path><\/svg>\t\t\t\t\t\t<\/span>\n\t\t\t\t\t\t\t\t\t\t<span class=\"elementor-icon-list-text\"><b>Profesionalidad:<\/b> trabajamos con equipos de \u00faltima generaci\u00f3n y t\u00e9cnicos especializados.<\/span>\n\t\t\t\t\t\t\t\t\t<\/li>\n\t\t\t\t\t\t\t\t<li class=\"elementor-icon-list-item\">\n\t\t\t\t\t\t\t\t\t\t\t<span class=\"elementor-icon-list-icon\">\n\t\t\t\t\t\t\t<svg aria-hidden=\"true\" class=\"e-font-icon-svg e-fas-check\" viewBox=\"0 0 512 512\" xmlns=\"http:\/\/www.w3.org\/2000\/svg\"><path d=\"M173.898 439.404l-166.4-166.4c-9.997-9.997-9.997-26.206 0-36.204l36.203-36.204c9.997-9.998 26.207-9.998 36.204 0L192 312.69 432.095 72.596c9.997-9.997 26.207-9.997 36.204 0l36.203 36.204c9.997 9.997 9.997 26.206 0 36.204l-294.4 294.401c-9.998 9.997-26.207 9.997-36.204-.001z\"><\/path><\/svg>\t\t\t\t\t\t<\/span>\n\t\t\t\t\t\t\t\t\t\t<span class=\"elementor-icon-list-text\"><b>Confianza:<\/b> nuestros clientes saben que cada evento est\u00e1 en buenas manos.<\/span>\n\t\t\t\t\t\t\t\t\t<\/li>\n\t\t\t\t\t\t\t\t<li class=\"elementor-icon-list-item\">\n\t\t\t\t\t\t\t\t\t\t\t<span class=\"elementor-icon-list-icon\">\n\t\t\t\t\t\t\t<svg aria-hidden=\"true\" class=\"e-font-icon-svg e-fas-check\" viewBox=\"0 0 512 512\" xmlns=\"http:\/\/www.w3.org\/2000\/svg\"><path d=\"M173.898 439.404l-166.4-166.4c-9.997-9.997-9.997-26.206 0-36.204l36.203-36.204c9.997-9.998 26.207-9.998 36.204 0L192 312.69 432.095 72.596c9.997-9.997 26.207-9.997 36.204 0l36.203 36.204c9.997 9.997 9.997 26.206 0 36.204l-294.4 294.401c-9.998 9.997-26.207 9.997-36.204-.001z\"><\/path><\/svg>\t\t\t\t\t\t<\/span>\n\t\t\t\t\t\t\t\t\t\t<span class=\"elementor-icon-list-text\"><b>Flexibilidad:<\/b> adaptamos cada servicio a las necesidades de tu proyecto, grande o peque\u00f1o.<\/span>\n\t\t\t\t\t\t\t\t\t<\/li>\n\t\t\t\t\t\t\t\t<li class=\"elementor-icon-list-item\">\n\t\t\t\t\t\t\t\t\t\t\t<span class=\"elementor-icon-list-icon\">\n\t\t\t\t\t\t\t<svg aria-hidden=\"true\" class=\"e-font-icon-svg e-fas-check\" viewBox=\"0 0 512 512\" xmlns=\"http:\/\/www.w3.org\/2000\/svg\"><path d=\"M173.898 439.404l-166.4-166.4c-9.997-9.997-9.997-26.206 0-36.204l36.203-36.204c9.997-9.998 26.207-9.998 36.204 0L192 312.69 432.095 72.596c9.997-9.997 26.207-9.997 36.204 0l36.203 36.204c9.997 9.997 9.997 26.206 0 36.204l-294.4 294.401c-9.998 9.997-26.207 9.997-36.204-.001z\"><\/path><\/svg>\t\t\t\t\t\t<\/span>\n\t\t\t\t\t\t\t\t\t\t<span class=\"elementor-icon-list-text\"><b>Pasi\u00f3n:<\/b>nos encanta lo que hacemos, y eso se nota en cada detalle.<\/span>\n\t\t\t\t\t\t\t\t\t<\/li>\n\t\t\t\t\t\t<\/ul>\n\t\t\t\t\t\t<\/div>\n\t\t\t\t<\/div>\n\t\t<div class=\"elementor-element elementor-element-233ffbc e-con-full e-flex e-con e-child\" data-id=\"233ffbc\" data-element_type=\"container\" data-e-type=\"container\" data-settings=\"{&quot;background_background&quot;:&quot;classic&quot;}\">\n\t\t\t\t<div class=\"elementor-element elementor-element-c0be452 elementor-widget elementor-widget-heading\" data-id=\"c0be452\" data-element_type=\"widget\" data-e-type=\"widget\" data-widget_type=\"heading.default\">\n\t\t\t\t\t<h4 class=\"elementor-heading-title elementor-size-default\">Nuestro Equipo<\/h4>\t\t\t\t<\/div>\n\t\t\t\t<div class=\"elementor-element elementor-element-029bf6f elementor-widget elementor-widget-text-editor\" data-id=\"029bf6f\" data-element_type=\"widget\" data-e-type=\"widget\" data-widget_type=\"text-editor.default\">\n\t\t\t\t\t\t\t\t\t<p data-start=\"1247\" data-end=\"1454\">Somos un grupo de profesionales apasionados por el sonido, la iluminaci\u00f3n y la producci\u00f3n audiovisual.<br data-start=\"334\" data-end=\"337\" \/>Cada miembro aporta experiencia, creatividad y compromiso, trabajando en conjunto para garantizar que cada proyecto se desarrolle con la m\u00e1xima calidad t\u00e9cnica y est\u00e9tica.<br data-start=\"508\" data-end=\"511\" \/>Nos motiva un mismo prop\u00f3sito: aplicar la exigencia de los grandes espect\u00e1culos en directo a cualquier evento, adapt\u00e1ndonos siempre a las necesidades de nuestros clientes.<\/p>\t\t\t\t\t\t\t\t<\/div>\n\t\t\t\t<\/div>\n\t\t<div class=\"elementor-element elementor-element-f444102 e-con-full e-flex e-con e-child\" data-id=\"f444102\" data-element_type=\"container\" data-e-type=\"container\" data-settings=\"{&quot;background_background&quot;:&quot;classic&quot;}\">\n\t\t\t\t<div class=\"elementor-element elementor-element-f7de124 elementor-widget elementor-widget-heading\" data-id=\"f7de124\" data-element_type=\"widget\" data-e-type=\"widget\" data-widget_type=\"heading.default\">\n\t\t\t\t\t<h4 class=\"elementor-heading-title elementor-size-default\">Nuestra Misi\u00f3n<\/h4>\t\t\t\t<\/div>\n\t\t\t\t<div class=\"elementor-element elementor-element-f4fd8d1 elementor-widget elementor-widget-text-editor\" data-id=\"f4fd8d1\" data-element_type=\"widget\" data-e-type=\"widget\" data-widget_type=\"text-editor.default\">\n\t\t\t\t\t\t\t\t\t<p data-start=\"1476\" data-end=\"1602\">Nuestra misi\u00f3n es transformar ideas en experiencias memorables.<br data-start=\"771\" data-end=\"774\" \/>Queremos que cada cliente disfrute de su evento con la tranquilidad de saber que todo lo t\u00e9cnico est\u00e1 bajo control: sonido perfecto, iluminaci\u00f3n cuidada y proyecciones impecables.<br data-start=\"953\" data-end=\"956\" \/>Trabajamos d\u00eda a d\u00eda para ser un aliado de confianza, aportando soluciones audiovisuales innovadoras y adaptadas a cada ocasi\u00f3n.<\/p>\t\t\t\t\t\t\t\t<\/div>\n\t\t\t\t<\/div>\n\t\t\t\t<\/div>\n\t\t\t\t\t<\/div>\n\t\t\t\t<\/div>\n\t\t\t\t<\/div>\n\t\t","protected":false},"excerpt":{"rendered":"<p>Hacemos que tu evento brille Deja la parte t\u00e9cnica en manos de expertos y disfruta de una experiencia audiovisual impecable. Contacta \u00bfQui\u00e9nes somos? En Altavia Professional creemos que la calidad t\u00e9cnica y la pasi\u00f3n por los detalles son la base de todo gran evento.Nacimos en Tenerife con un objetivo claro: ofrecer soluciones audiovisuales de alto [&hellip;]<\/p>\n","protected":false},"author":2,"featured_media":0,"parent":0,"menu_order":0,"comment_status":"closed","ping_status":"closed","template":"elementor_header_footer","meta":{"footnotes":""},"class_list":["post-157","page","type-page","status-publish","hentry"],"yoast_head":"<!-- This site is optimized with the Yoast SEO plugin v27.1.1 - https:\/\/yoast.com\/product\/yoast-seo-wordpress\/ -->\n<title>Soluciones Audiovisuales en Tenerife | Altavia Professional - Altavia Professional<\/title>\n<meta name=\"description\" content=\"Empresa de audiovisuales en Tenerife. Alquiler de sonido, iluminaci\u00f3n y pantallas LED para eventos corporativos, congresos y bodas. Instalaciones fijas.\" \/>\n<meta name=\"robots\" content=\"noindex, follow\" \/>\n<meta property=\"og:locale\" content=\"es_ES\" \/>\n<meta property=\"og:type\" content=\"article\" \/>\n<meta property=\"og:title\" content=\"Soluciones Audiovisuales en Tenerife | Altavia Professional - Altavia Professional\" \/>\n<meta property=\"og:description\" content=\"Empresa de audiovisuales en Tenerife. Alquiler de sonido, iluminaci\u00f3n y pantallas LED para eventos corporativos, congresos y bodas. Instalaciones fijas.\" \/>\n<meta property=\"og:url\" content=\"https:\/\/altaviaprofessional.com\/index.php\/sobre-nosotros\/\" \/>\n<meta property=\"og:site_name\" content=\"Altavia Professional\" \/>\n<meta property=\"article:modified_time\" content=\"2026-03-09T18:54:07+00:00\" \/>\n<meta property=\"og:image\" content=\"http:\/\/altaviaprofessional.com\/wp-content\/uploads\/2025\/09\/tecnico-de-sonido.webp\" \/>\n<meta name=\"twitter:card\" content=\"summary_large_image\" \/>\n<meta name=\"twitter:label1\" content=\"Tiempo de lectura\" \/>\n\t<meta name=\"twitter:data1\" content=\"2 minutos\" \/>\n<script type=\"application\/ld+json\" class=\"yoast-schema-graph\">{\"@context\":\"https:\/\/schema.org\",\"@graph\":[{\"@type\":\"WebPage\",\"@id\":\"https:\/\/altaviaprofessional.com\/index.php\/sobre-nosotros\/\",\"url\":\"https:\/\/altaviaprofessional.com\/index.php\/sobre-nosotros\/\",\"name\":\"Soluciones Audiovisuales en Tenerife | Altavia Professional - Altavia Professional\",\"isPartOf\":{\"@id\":\"https:\/\/altaviaprofessional.com\/#website\"},\"primaryImageOfPage\":{\"@id\":\"https:\/\/altaviaprofessional.com\/index.php\/sobre-nosotros\/#primaryimage\"},\"image\":{\"@id\":\"https:\/\/altaviaprofessional.com\/index.php\/sobre-nosotros\/#primaryimage\"},\"thumbnailUrl\":\"http:\/\/altaviaprofessional.com\/wp-content\/uploads\/2025\/09\/tecnico-de-sonido.webp\",\"datePublished\":\"2025-09-18T09:33:32+00:00\",\"dateModified\":\"2026-03-09T18:54:07+00:00\",\"description\":\"Empresa de audiovisuales en Tenerife. Alquiler de sonido, iluminaci\u00f3n y pantallas LED para eventos corporativos, congresos y bodas. Instalaciones fijas.\",\"breadcrumb\":{\"@id\":\"https:\/\/altaviaprofessional.com\/index.php\/sobre-nosotros\/#breadcrumb\"},\"inLanguage\":\"es\",\"potentialAction\":[{\"@type\":\"ReadAction\",\"target\":[\"https:\/\/altaviaprofessional.com\/index.php\/sobre-nosotros\/\"]}]},{\"@type\":\"ImageObject\",\"inLanguage\":\"es\",\"@id\":\"https:\/\/altaviaprofessional.com\/index.php\/sobre-nosotros\/#primaryimage\",\"url\":\"http:\/\/altaviaprofessional.com\/wp-content\/uploads\/2025\/09\/tecnico-de-sonido.webp\",\"contentUrl\":\"http:\/\/altaviaprofessional.com\/wp-content\/uploads\/2025\/09\/tecnico-de-sonido.webp\"},{\"@type\":\"BreadcrumbList\",\"@id\":\"https:\/\/altaviaprofessional.com\/index.php\/sobre-nosotros\/#breadcrumb\",\"itemListElement\":[{\"@type\":\"ListItem\",\"position\":1,\"name\":\"Portada\",\"item\":\"https:\/\/altaviaprofessional.com\/\"},{\"@type\":\"ListItem\",\"position\":2,\"name\":\"Sobre nosotros\"}]},{\"@type\":\"WebSite\",\"@id\":\"https:\/\/altaviaprofessional.com\/#website\",\"url\":\"https:\/\/altaviaprofessional.com\/\",\"name\":\"Altavia Profesional\",\"description\":\"Soluciones audiovisuales\",\"publisher\":{\"@id\":\"https:\/\/altaviaprofessional.com\/#organization\"},\"alternateName\":\"Empresa audiovisuales\",\"potentialAction\":[{\"@type\":\"SearchAction\",\"target\":{\"@type\":\"EntryPoint\",\"urlTemplate\":\"https:\/\/altaviaprofessional.com\/?s={search_term_string}\"},\"query-input\":{\"@type\":\"PropertyValueSpecification\",\"valueRequired\":true,\"valueName\":\"search_term_string\"}}],\"inLanguage\":\"es\"},{\"@type\":\"Organization\",\"@id\":\"https:\/\/altaviaprofessional.com\/#organization\",\"name\":\"Altavia Profesional\",\"alternateName\":\"Soluciones audiovisuales\",\"url\":\"https:\/\/altaviaprofessional.com\/\",\"logo\":{\"@type\":\"ImageObject\",\"inLanguage\":\"es\",\"@id\":\"https:\/\/altaviaprofessional.com\/#\/schema\/logo\/image\/\",\"url\":\"https:\/\/altaviaprofessional.com\/wp-content\/uploads\/2025\/08\/cropped-Mesa-de-trabajo-1@4x.png\",\"contentUrl\":\"https:\/\/altaviaprofessional.com\/wp-content\/uploads\/2025\/08\/cropped-Mesa-de-trabajo-1@4x.png\",\"width\":1400,\"height\":400,\"caption\":\"Altavia Profesional\"},\"image\":{\"@id\":\"https:\/\/altaviaprofessional.com\/#\/schema\/logo\/image\/\"}}]}<\/script>\n<!-- \/ Yoast SEO plugin. -->","yoast_head_json":{"title":"Soluciones Audiovisuales en Tenerife | Altavia Professional - Altavia Professional","description":"Empresa de audiovisuales en Tenerife. Alquiler de sonido, iluminaci\u00f3n y pantallas LED para eventos corporativos, congresos y bodas. Instalaciones fijas.","robots":{"index":"noindex","follow":"follow"},"og_locale":"es_ES","og_type":"article","og_title":"Soluciones Audiovisuales en Tenerife | Altavia Professional - Altavia Professional","og_description":"Empresa de audiovisuales en Tenerife. Alquiler de sonido, iluminaci\u00f3n y pantallas LED para eventos corporativos, congresos y bodas. Instalaciones fijas.","og_url":"https:\/\/altaviaprofessional.com\/index.php\/sobre-nosotros\/","og_site_name":"Altavia Professional","article_modified_time":"2026-03-09T18:54:07+00:00","og_image":[{"url":"http:\/\/altaviaprofessional.com\/wp-content\/uploads\/2025\/09\/tecnico-de-sonido.webp","type":"","width":"","height":""}],"twitter_card":"summary_large_image","twitter_misc":{"Tiempo de lectura":"2 minutos"},"schema":{"@context":"https:\/\/schema.org","@graph":[{"@type":"WebPage","@id":"https:\/\/altaviaprofessional.com\/index.php\/sobre-nosotros\/","url":"https:\/\/altaviaprofessional.com\/index.php\/sobre-nosotros\/","name":"Soluciones Audiovisuales en Tenerife | Altavia Professional - Altavia Professional","isPartOf":{"@id":"https:\/\/altaviaprofessional.com\/#website"},"primaryImageOfPage":{"@id":"https:\/\/altaviaprofessional.com\/index.php\/sobre-nosotros\/#primaryimage"},"image":{"@id":"https:\/\/altaviaprofessional.com\/index.php\/sobre-nosotros\/#primaryimage"},"thumbnailUrl":"http:\/\/altaviaprofessional.com\/wp-content\/uploads\/2025\/09\/tecnico-de-sonido.webp","datePublished":"2025-09-18T09:33:32+00:00","dateModified":"2026-03-09T18:54:07+00:00","description":"Empresa de audiovisuales en Tenerife. Alquiler de sonido, iluminaci\u00f3n y pantallas LED para eventos corporativos, congresos y bodas. Instalaciones fijas.","breadcrumb":{"@id":"https:\/\/altaviaprofessional.com\/index.php\/sobre-nosotros\/#breadcrumb"},"inLanguage":"es","potentialAction":[{"@type":"ReadAction","target":["https:\/\/altaviaprofessional.com\/index.php\/sobre-nosotros\/"]}]},{"@type":"ImageObject","inLanguage":"es","@id":"https:\/\/altaviaprofessional.com\/index.php\/sobre-nosotros\/#primaryimage","url":"http:\/\/altaviaprofessional.com\/wp-content\/uploads\/2025\/09\/tecnico-de-sonido.webp","contentUrl":"http:\/\/altaviaprofessional.com\/wp-content\/uploads\/2025\/09\/tecnico-de-sonido.webp"},{"@type":"BreadcrumbList","@id":"https:\/\/altaviaprofessional.com\/index.php\/sobre-nosotros\/#breadcrumb","itemListElement":[{"@type":"ListItem","position":1,"name":"Portada","item":"https:\/\/altaviaprofessional.com\/"},{"@type":"ListItem","position":2,"name":"Sobre nosotros"}]},{"@type":"WebSite","@id":"https:\/\/altaviaprofessional.com\/#website","url":"https:\/\/altaviaprofessional.com\/","name":"Altavia Profesional","description":"Soluciones audiovisuales","publisher":{"@id":"https:\/\/altaviaprofessional.com\/#organization"},"alternateName":"Empresa audiovisuales","potentialAction":[{"@type":"SearchAction","target":{"@type":"EntryPoint","urlTemplate":"https:\/\/altaviaprofessional.com\/?s={search_term_string}"},"query-input":{"@type":"PropertyValueSpecification","valueRequired":true,"valueName":"search_term_string"}}],"inLanguage":"es"},{"@type":"Organization","@id":"https:\/\/altaviaprofessional.com\/#organization","name":"Altavia Profesional","alternateName":"Soluciones audiovisuales","url":"https:\/\/altaviaprofessional.com\/","logo":{"@type":"ImageObject","inLanguage":"es","@id":"https:\/\/altaviaprofessional.com\/#\/schema\/logo\/image\/","url":"https:\/\/altaviaprofessional.com\/wp-content\/uploads\/2025\/08\/cropped-Mesa-de-trabajo-1@4x.png","contentUrl":"https:\/\/altaviaprofessional.com\/wp-content\/uploads\/2025\/08\/cropped-Mesa-de-trabajo-1@4x.png","width":1400,"height":400,"caption":"Altavia Profesional"},"image":{"@id":"https:\/\/altaviaprofessional.com\/#\/schema\/logo\/image\/"}}]}},"_links":{"self":[{"href":"https:\/\/altaviaprofessional.com\/index.php\/wp-json\/wp\/v2\/pages\/157","targetHints":{"allow":["GET"]}}],"collection":[{"href":"https:\/\/altaviaprofessional.com\/index.php\/wp-json\/wp\/v2\/pages"}],"about":[{"href":"https:\/\/altaviaprofessional.com\/index.php\/wp-json\/wp\/v2\/types\/page"}],"author":[{"embeddable":true,"href":"https:\/\/altaviaprofessional.com\/index.php\/wp-json\/wp\/v2\/users\/2"}],"replies":[{"embeddable":true,"href":"https:\/\/altaviaprofessional.com\/index.php\/wp-json\/wp\/v2\/comments?post=157"}],"version-history":[{"count":1,"href":"https:\/\/altaviaprofessional.com\/index.php\/wp-json\/wp\/v2\/pages\/157\/revisions"}],"predecessor-version":[{"id":161,"href":"https:\/\/altaviaprofessional.com\/index.php\/wp-json\/wp\/v2\/pages\/157\/revisions\/161"}],"wp:attachment":[{"href":"https:\/\/altaviaprofessional.com\/index.php\/wp-json\/wp\/v2\/media?parent=157"}],"curies":[{"name":"wp","href":"https:\/\/api.w.org\/{rel}","templated":true}]}}