{"id":137,"date":"2025-09-18T08:50:05","date_gmt":"2025-09-18T08:50:05","guid":{"rendered":"https:\/\/altaviaprofessional.com\/?page_id=137"},"modified":"2026-03-09T18:54:07","modified_gmt":"2026-03-09T18:54:07","slug":"contacto","status":"publish","type":"page","link":"https:\/\/altaviaprofessional.com\/index.php\/contacto\/","title":{"rendered":"Contacto"},"content":{"rendered":"\t\t<div data-elementor-type=\"wp-page\" data-elementor-id=\"137\" class=\"elementor elementor-137\" data-elementor-post-type=\"page\">\n\t\t\t\t<div class=\"elementor-element elementor-element-698ec84c e-flex e-con-boxed e-con e-parent\" data-id=\"698ec84c\" data-element_type=\"container\" data-e-type=\"container\" data-settings=\"{&quot;background_background&quot;:&quot;classic&quot;}\">\n\t\t\t\t\t<div class=\"e-con-inner\">\n\t\t<div class=\"elementor-element elementor-element-6d47ad19 e-flex e-con-boxed e-con e-child\" data-id=\"6d47ad19\" data-element_type=\"container\" data-e-type=\"container\">\n\t\t\t\t\t<div class=\"e-con-inner\">\n\t\t<div class=\"elementor-element elementor-element-1fd28f75 e-con-full e-flex e-con e-child\" data-id=\"1fd28f75\" data-element_type=\"container\" data-e-type=\"container\">\n\t\t\t\t<div class=\"elementor-element elementor-element-4fa9256f elementor-widget elementor-widget-heading\" data-id=\"4fa9256f\" data-element_type=\"widget\" data-e-type=\"widget\" data-widget_type=\"heading.default\">\n\t\t\t\t\t<h1 class=\"elementor-heading-title elementor-size-default\">Cont\u00e1ctanos<\/h1>\t\t\t\t<\/div>\n\t\t\t\t<div class=\"elementor-element elementor-element-50576c5d elementor-widget elementor-widget-text-editor\" data-id=\"50576c5d\" data-element_type=\"widget\" data-e-type=\"widget\" data-widget_type=\"text-editor.default\">\n\t\t\t\t\t\t\t\t\t<p data-start=\"519\" data-end=\"633\">En <strong data-start=\"234\" data-end=\"258\">Altavia Professional<\/strong> estamos aqu\u00ed para ayudarte a dar vida a tu pr\u00f3ximo evento.<br data-start=\"317\" data-end=\"320\" \/>Puedes ponerte en contacto con nosotros a trav\u00e9s de los siguientes medios:<\/p>\t\t\t\t\t\t\t\t<\/div>\n\t\t<div class=\"elementor-element elementor-element-d272d93 e-con-full e-flex e-con e-child\" data-id=\"d272d93\" data-element_type=\"container\" data-e-type=\"container\">\n\t\t\t\t<div class=\"elementor-element elementor-element-f71eb05 elementor-view-default elementor-position-block-start elementor-mobile-position-block-start elementor-widget elementor-widget-icon-box\" data-id=\"f71eb05\" data-element_type=\"widget\" data-e-type=\"widget\" data-widget_type=\"icon-box.default\">\n\t\t\t\t\t\t\t<div class=\"elementor-icon-box-wrapper\">\n\n\t\t\t\t\t\t<div class=\"elementor-icon-box-icon\">\n\t\t\t\t<a href=\"tel:+34615608501\" class=\"elementor-icon\" tabindex=\"-1\" aria-label=\"Tel\u00e9fono\">\n\t\t\t\t<i aria-hidden=\"true\" class=\"icon icon-phone-call\"><\/i>\t\t\t\t<\/a>\n\t\t\t<\/div>\n\t\t\t\n\t\t\t\t\t\t<div class=\"elementor-icon-box-content\">\n\n\t\t\t\t\t\t\t\t\t<h3 class=\"elementor-icon-box-title\">\n\t\t\t\t\t\t<a href=\"tel:+34615608501\" >\n\t\t\t\t\t\t\tTel\u00e9fono\t\t\t\t\t\t<\/a>\n\t\t\t\t\t<\/h3>\n\t\t\t\t\n\t\t\t\t\t\t\t\t\t<p class=\"elementor-icon-box-description\">\n\t\t\t\t\t\t<a href=\"tel:+34615608501\" style=\"color: white\">+34 615 60 85 01<\/a>\t\t\t\t\t<\/p>\n\t\t\t\t\n\t\t\t<\/div>\n\t\t\t\n\t\t<\/div>\n\t\t\t\t\t\t<\/div>\n\t\t\t\t<div class=\"elementor-element elementor-element-8d42b66 elementor-view-default elementor-position-block-start elementor-mobile-position-block-start elementor-widget elementor-widget-icon-box\" data-id=\"8d42b66\" data-element_type=\"widget\" data-e-type=\"widget\" data-widget_type=\"icon-box.default\">\n\t\t\t\t\t\t\t<div class=\"elementor-icon-box-wrapper\">\n\n\t\t\t\t\t\t<div class=\"elementor-icon-box-icon\">\n\t\t\t\t<a href=\"\" class=\"elementor-icon\" tabindex=\"-1\" aria-label=\"Email\">\n\t\t\t\t<i aria-hidden=\"true\" class=\"icon icon-envelope1\"><\/i>\t\t\t\t<\/a>\n\t\t\t<\/div>\n\t\t\t\n\t\t\t\t\t\t<div class=\"elementor-icon-box-content\">\n\n\t\t\t\t\t\t\t\t\t<h3 class=\"elementor-icon-box-title\">\n\t\t\t\t\t\t<a href=\"\" >\n\t\t\t\t\t\t\tEmail\t\t\t\t\t\t<\/a>\n\t\t\t\t\t<\/h3>\n\t\t\t\t\n\t\t\t\t\t\t\t\t\t<p class=\"elementor-icon-box-description\">\n\t\t\t\t\t\t<a href=\"mailto:info@altaviaprofessional.com\" style=\"color: white\" target=\"_blank\" rel=\"noreferrer noopener\">info@altaviaprofessional.com<\/a>\t\t\t\t\t<\/p>\n\t\t\t\t\n\t\t\t<\/div>\n\t\t\t\n\t\t<\/div>\n\t\t\t\t\t\t<\/div>\n\t\t\t\t<\/div>\n\t\t\t\t<\/div>\n\t\t<div class=\"elementor-element elementor-element-1487f5b4 e-con-full e-flex e-con e-child\" data-id=\"1487f5b4\" data-element_type=\"container\" data-e-type=\"container\" data-settings=\"{&quot;background_background&quot;:&quot;classic&quot;}\">\n\t\t\t\t<div class=\"elementor-element elementor-element-16bd698b elementor-widget elementor-widget-image\" data-id=\"16bd698b\" data-element_type=\"widget\" data-e-type=\"widget\" data-widget_type=\"image.default\">\n\t\t\t\t\t\t\t\t\t\t\t\t\t\t\t<img fetchpriority=\"high\" decoding=\"async\" width=\"1024\" height=\"1024\" src=\"https:\/\/altaviaprofessional.com\/wp-content\/uploads\/2025\/09\/tecnico-de-sonido.webp\" class=\"attachment-full size-full wp-image-67\" alt=\"\" srcset=\"https:\/\/altaviaprofessional.com\/wp-content\/uploads\/2025\/09\/tecnico-de-sonido.webp 1024w, https:\/\/altaviaprofessional.com\/wp-content\/uploads\/2025\/09\/tecnico-de-sonido-300x300.webp 300w, https:\/\/altaviaprofessional.com\/wp-content\/uploads\/2025\/09\/tecnico-de-sonido-150x150.webp 150w, https:\/\/altaviaprofessional.com\/wp-content\/uploads\/2025\/09\/tecnico-de-sonido-768x768.webp 768w\" sizes=\"(max-width: 1024px) 100vw, 1024px\" \/>\t\t\t\t\t\t\t\t\t\t\t\t\t\t\t<\/div>\n\t\t\t\t<\/div>\n\t\t\t\t\t<\/div>\n\t\t\t\t<\/div>\n\t\t\t\t\t<\/div>\n\t\t\t\t<\/div>\n\t\t\t\t<\/div>\n\t\t","protected":false},"excerpt":{"rendered":"<p>Cont\u00e1ctanos En Altavia Professional estamos aqu\u00ed para ayudarte a dar vida a tu pr\u00f3ximo evento.Puedes ponerte en contacto con nosotros a trav\u00e9s de los siguientes medios: Tel\u00e9fono +34 615 60 85 01 Email info@altaviaprofessional.com<\/p>\n","protected":false},"author":2,"featured_media":0,"parent":0,"menu_order":0,"comment_status":"closed","ping_status":"closed","template":"elementor_header_footer","meta":{"footnotes":""},"class_list":["post-137","page","type-page","status-publish","hentry"],"yoast_head":"<!-- This site is optimized with the Yoast SEO plugin v27.1.1 - https:\/\/yoast.com\/product\/yoast-seo-wordpress\/ -->\n<title>Soluciones Audiovisuales en Tenerife | Altavia Professional - Altavia Professional<\/title>\n<meta name=\"description\" content=\"Empresa de audiovisuales en Tenerife. Alquiler de sonido, iluminaci\u00f3n y pantallas LED para eventos corporativos, congresos y bodas. Instalaciones fijas.\" \/>\n<meta name=\"robots\" content=\"noindex, follow\" \/>\n<meta property=\"og:locale\" content=\"es_ES\" \/>\n<meta property=\"og:type\" content=\"article\" \/>\n<meta property=\"og:title\" content=\"Soluciones Audiovisuales en Tenerife | Altavia Professional - Altavia Professional\" \/>\n<meta property=\"og:description\" content=\"Empresa de audiovisuales en Tenerife. Alquiler de sonido, iluminaci\u00f3n y pantallas LED para eventos corporativos, congresos y bodas. Instalaciones fijas.\" \/>\n<meta property=\"og:url\" content=\"https:\/\/altaviaprofessional.com\/index.php\/contacto\/\" \/>\n<meta property=\"og:site_name\" content=\"Altavia Professional\" \/>\n<meta property=\"article:modified_time\" content=\"2026-03-09T18:54:07+00:00\" \/>\n<meta property=\"og:image\" content=\"http:\/\/altaviaprofessional.com\/wp-content\/uploads\/2025\/09\/tecnico-de-sonido.webp\" \/>\n<meta name=\"twitter:card\" content=\"summary_large_image\" \/>\n<meta name=\"twitter:label1\" content=\"Tiempo de lectura\" \/>\n\t<meta name=\"twitter:data1\" content=\"1 minuto\" \/>\n<script type=\"application\/ld+json\" class=\"yoast-schema-graph\">{\"@context\":\"https:\/\/schema.org\",\"@graph\":[{\"@type\":\"WebPage\",\"@id\":\"https:\/\/altaviaprofessional.com\/index.php\/contacto\/\",\"url\":\"https:\/\/altaviaprofessional.com\/index.php\/contacto\/\",\"name\":\"Soluciones Audiovisuales en Tenerife | Altavia Professional - Altavia Professional\",\"isPartOf\":{\"@id\":\"https:\/\/altaviaprofessional.com\/#website\"},\"primaryImageOfPage\":{\"@id\":\"https:\/\/altaviaprofessional.com\/index.php\/contacto\/#primaryimage\"},\"image\":{\"@id\":\"https:\/\/altaviaprofessional.com\/index.php\/contacto\/#primaryimage\"},\"thumbnailUrl\":\"http:\/\/altaviaprofessional.com\/wp-content\/uploads\/2025\/09\/tecnico-de-sonido.webp\",\"datePublished\":\"2025-09-18T08:50:05+00:00\",\"dateModified\":\"2026-03-09T18:54:07+00:00\",\"description\":\"Empresa de audiovisuales en Tenerife. Alquiler de sonido, iluminaci\u00f3n y pantallas LED para eventos corporativos, congresos y bodas. Instalaciones fijas.\",\"breadcrumb\":{\"@id\":\"https:\/\/altaviaprofessional.com\/index.php\/contacto\/#breadcrumb\"},\"inLanguage\":\"es\",\"potentialAction\":[{\"@type\":\"ReadAction\",\"target\":[\"https:\/\/altaviaprofessional.com\/index.php\/contacto\/\"]}]},{\"@type\":\"ImageObject\",\"inLanguage\":\"es\",\"@id\":\"https:\/\/altaviaprofessional.com\/index.php\/contacto\/#primaryimage\",\"url\":\"http:\/\/altaviaprofessional.com\/wp-content\/uploads\/2025\/09\/tecnico-de-sonido.webp\",\"contentUrl\":\"http:\/\/altaviaprofessional.com\/wp-content\/uploads\/2025\/09\/tecnico-de-sonido.webp\"},{\"@type\":\"BreadcrumbList\",\"@id\":\"https:\/\/altaviaprofessional.com\/index.php\/contacto\/#breadcrumb\",\"itemListElement\":[{\"@type\":\"ListItem\",\"position\":1,\"name\":\"Portada\",\"item\":\"https:\/\/altaviaprofessional.com\/\"},{\"@type\":\"ListItem\",\"position\":2,\"name\":\"Contacto\"}]},{\"@type\":\"WebSite\",\"@id\":\"https:\/\/altaviaprofessional.com\/#website\",\"url\":\"https:\/\/altaviaprofessional.com\/\",\"name\":\"Altavia Profesional\",\"description\":\"Soluciones audiovisuales\",\"publisher\":{\"@id\":\"https:\/\/altaviaprofessional.com\/#organization\"},\"alternateName\":\"Empresa audiovisuales\",\"potentialAction\":[{\"@type\":\"SearchAction\",\"target\":{\"@type\":\"EntryPoint\",\"urlTemplate\":\"https:\/\/altaviaprofessional.com\/?s={search_term_string}\"},\"query-input\":{\"@type\":\"PropertyValueSpecification\",\"valueRequired\":true,\"valueName\":\"search_term_string\"}}],\"inLanguage\":\"es\"},{\"@type\":\"Organization\",\"@id\":\"https:\/\/altaviaprofessional.com\/#organization\",\"name\":\"Altavia Profesional\",\"alternateName\":\"Soluciones audiovisuales\",\"url\":\"https:\/\/altaviaprofessional.com\/\",\"logo\":{\"@type\":\"ImageObject\",\"inLanguage\":\"es\",\"@id\":\"https:\/\/altaviaprofessional.com\/#\/schema\/logo\/image\/\",\"url\":\"https:\/\/altaviaprofessional.com\/wp-content\/uploads\/2025\/08\/cropped-Mesa-de-trabajo-1@4x.png\",\"contentUrl\":\"https:\/\/altaviaprofessional.com\/wp-content\/uploads\/2025\/08\/cropped-Mesa-de-trabajo-1@4x.png\",\"width\":1400,\"height\":400,\"caption\":\"Altavia Profesional\"},\"image\":{\"@id\":\"https:\/\/altaviaprofessional.com\/#\/schema\/logo\/image\/\"}}]}<\/script>\n<!-- \/ Yoast SEO plugin. -->","yoast_head_json":{"title":"Soluciones Audiovisuales en Tenerife | Altavia Professional - Altavia Professional","description":"Empresa de audiovisuales en Tenerife. Alquiler de sonido, iluminaci\u00f3n y pantallas LED para eventos corporativos, congresos y bodas. Instalaciones fijas.","robots":{"index":"noindex","follow":"follow"},"og_locale":"es_ES","og_type":"article","og_title":"Soluciones Audiovisuales en Tenerife | Altavia Professional - Altavia Professional","og_description":"Empresa de audiovisuales en Tenerife. Alquiler de sonido, iluminaci\u00f3n y pantallas LED para eventos corporativos, congresos y bodas. Instalaciones fijas.","og_url":"https:\/\/altaviaprofessional.com\/index.php\/contacto\/","og_site_name":"Altavia Professional","article_modified_time":"2026-03-09T18:54:07+00:00","og_image":[{"url":"http:\/\/altaviaprofessional.com\/wp-content\/uploads\/2025\/09\/tecnico-de-sonido.webp","type":"","width":"","height":""}],"twitter_card":"summary_large_image","twitter_misc":{"Tiempo de lectura":"1 minuto"},"schema":{"@context":"https:\/\/schema.org","@graph":[{"@type":"WebPage","@id":"https:\/\/altaviaprofessional.com\/index.php\/contacto\/","url":"https:\/\/altaviaprofessional.com\/index.php\/contacto\/","name":"Soluciones Audiovisuales en Tenerife | Altavia Professional - Altavia Professional","isPartOf":{"@id":"https:\/\/altaviaprofessional.com\/#website"},"primaryImageOfPage":{"@id":"https:\/\/altaviaprofessional.com\/index.php\/contacto\/#primaryimage"},"image":{"@id":"https:\/\/altaviaprofessional.com\/index.php\/contacto\/#primaryimage"},"thumbnailUrl":"http:\/\/altaviaprofessional.com\/wp-content\/uploads\/2025\/09\/tecnico-de-sonido.webp","datePublished":"2025-09-18T08:50:05+00:00","dateModified":"2026-03-09T18:54:07+00:00","description":"Empresa de audiovisuales en Tenerife. Alquiler de sonido, iluminaci\u00f3n y pantallas LED para eventos corporativos, congresos y bodas. Instalaciones fijas.","breadcrumb":{"@id":"https:\/\/altaviaprofessional.com\/index.php\/contacto\/#breadcrumb"},"inLanguage":"es","potentialAction":[{"@type":"ReadAction","target":["https:\/\/altaviaprofessional.com\/index.php\/contacto\/"]}]},{"@type":"ImageObject","inLanguage":"es","@id":"https:\/\/altaviaprofessional.com\/index.php\/contacto\/#primaryimage","url":"http:\/\/altaviaprofessional.com\/wp-content\/uploads\/2025\/09\/tecnico-de-sonido.webp","contentUrl":"http:\/\/altaviaprofessional.com\/wp-content\/uploads\/2025\/09\/tecnico-de-sonido.webp"},{"@type":"BreadcrumbList","@id":"https:\/\/altaviaprofessional.com\/index.php\/contacto\/#breadcrumb","itemListElement":[{"@type":"ListItem","position":1,"name":"Portada","item":"https:\/\/altaviaprofessional.com\/"},{"@type":"ListItem","position":2,"name":"Contacto"}]},{"@type":"WebSite","@id":"https:\/\/altaviaprofessional.com\/#website","url":"https:\/\/altaviaprofessional.com\/","name":"Altavia Profesional","description":"Soluciones audiovisuales","publisher":{"@id":"https:\/\/altaviaprofessional.com\/#organization"},"alternateName":"Empresa audiovisuales","potentialAction":[{"@type":"SearchAction","target":{"@type":"EntryPoint","urlTemplate":"https:\/\/altaviaprofessional.com\/?s={search_term_string}"},"query-input":{"@type":"PropertyValueSpecification","valueRequired":true,"valueName":"search_term_string"}}],"inLanguage":"es"},{"@type":"Organization","@id":"https:\/\/altaviaprofessional.com\/#organization","name":"Altavia Profesional","alternateName":"Soluciones audiovisuales","url":"https:\/\/altaviaprofessional.com\/","logo":{"@type":"ImageObject","inLanguage":"es","@id":"https:\/\/altaviaprofessional.com\/#\/schema\/logo\/image\/","url":"https:\/\/altaviaprofessional.com\/wp-content\/uploads\/2025\/08\/cropped-Mesa-de-trabajo-1@4x.png","contentUrl":"https:\/\/altaviaprofessional.com\/wp-content\/uploads\/2025\/08\/cropped-Mesa-de-trabajo-1@4x.png","width":1400,"height":400,"caption":"Altavia Profesional"},"image":{"@id":"https:\/\/altaviaprofessional.com\/#\/schema\/logo\/image\/"}}]}},"_links":{"self":[{"href":"https:\/\/altaviaprofessional.com\/index.php\/wp-json\/wp\/v2\/pages\/137","targetHints":{"allow":["GET"]}}],"collection":[{"href":"https:\/\/altaviaprofessional.com\/index.php\/wp-json\/wp\/v2\/pages"}],"about":[{"href":"https:\/\/altaviaprofessional.com\/index.php\/wp-json\/wp\/v2\/types\/page"}],"author":[{"embeddable":true,"href":"https:\/\/altaviaprofessional.com\/index.php\/wp-json\/wp\/v2\/users\/2"}],"replies":[{"embeddable":true,"href":"https:\/\/altaviaprofessional.com\/index.php\/wp-json\/wp\/v2\/comments?post=137"}],"version-history":[{"count":21,"href":"https:\/\/altaviaprofessional.com\/index.php\/wp-json\/wp\/v2\/pages\/137\/revisions"}],"predecessor-version":[{"id":169,"href":"https:\/\/altaviaprofessional.com\/index.php\/wp-json\/wp\/v2\/pages\/137\/revisions\/169"}],"wp:attachment":[{"href":"https:\/\/altaviaprofessional.com\/index.php\/wp-json\/wp\/v2\/media?parent=137"}],"curies":[{"name":"wp","href":"https:\/\/api.w.org\/{rel}","templated":true}]}}